{"id":822,"date":"2018-01-10T19:52:19","date_gmt":"2018-01-10T19:52:19","guid":{"rendered":"https:\/\/www.erikgiasson.com\/?page_id=822"},"modified":"2025-06-17T17:26:21","modified_gmt":"2025-06-17T17:26:21","slug":"livres","status":"publish","type":"page","link":"https:\/\/www.erikgiasson.com\/en\/livres\/","title":{"rendered":"Books (french only)"},"content":{"rendered":"\t\t<div data-elementor-type=\"wp-page\" data-elementor-id=\"822\" class=\"elementor elementor-822\" data-elementor-settings=\"[]\">\n\t\t\t\t\t\t\t<div class=\"elementor-section-wrap\">\n\t\t\t\t\t\t\t<section class=\"elementor-section elementor-top-section elementor-element elementor-element-18877d51 elementor-section-stretched elementor-section-boxed elementor-section-height-default elementor-section-height-default\" data-id=\"18877d51\" data-element_type=\"section\" data-settings=\"{&quot;stretch_section&quot;:&quot;section-stretched&quot;}\">\n\t\t\t\t\t\t<div class=\"elementor-container elementor-column-gap-wider\">\n\t\t\t\t\t<div class=\"elementor-column elementor-col-50 elementor-top-column elementor-element elementor-element-6c6e5e1\" data-id=\"6c6e5e1\" data-element_type=\"column\">\n\t\t\t<div class=\"elementor-widget-wrap elementor-element-populated\">\n\t\t\t\t\t\t\t\t<div class=\"elementor-element elementor-element-65b18d7e elementor-widget elementor-widget-heading\" data-id=\"65b18d7e\" data-element_type=\"widget\" data-widget_type=\"heading.default\">\n\t\t\t\t<div class=\"elementor-widget-container\">\n\t\t\t<h4 class=\"elementor-heading-title elementor-size-default\">Le courage de r\u00e9ussir<\/h4>\t\t<\/div>\n\t\t\t\t<\/div>\n\t\t\t\t<div class=\"elementor-element elementor-element-53133fca elementor-widget-divider--view-line elementor-widget elementor-widget-divider\" data-id=\"53133fca\" data-element_type=\"widget\" data-widget_type=\"divider.default\">\n\t\t\t\t<div class=\"elementor-widget-container\">\n\t\t\t\t\t<div class=\"elementor-divider\">\n\t\t\t<span class=\"elementor-divider-separator\">\n\t\t\t\t\t\t<\/span>\n\t\t<\/div>\n\t\t\t\t<\/div>\n\t\t\t\t<\/div>\n\t\t\t\t<div class=\"elementor-element elementor-element-2f1483ba elementor-widget elementor-widget-text-editor\" data-id=\"2f1483ba\" data-element_type=\"widget\" data-widget_type=\"text-editor.default\">\n\t\t\t\t<div class=\"elementor-widget-container\">\n\t\t\t\t\t\t\t<p>Mon parcours est atypique. Le surnom de yogi de Wall Street me vient en partie de mes performances comme strat\u00e8ge dans le monde des affaires. Des succ\u00e8s retentissants, j\u2019en ai connus au-del\u00e0 de l&#8217;ordinaire. Des \u00e9checs \u00e9galement, tout aussi impressionnants. Je vous en parle ici sans d\u00e9tour.<\/p><p>Sur le plan plus personnel, j\u2019ai aussi connu de dures \u00e9preuves et des grandes joies. Mais, positive ou n\u00e9gative, chaque exp\u00e9rience est pour moi une occasion de grandir.<\/p><p>Mon cheminement n\u2019a pas \u00e9t\u00e9 aussi lin\u00e9aire. Je n\u2019ai pas compris d\u00e8s le d\u00e9part l\u2019importance de trouver l\u2019\u00e9quilibre entre la t\u00eate et le c\u0153ur. De la finance au yoga, de New York \u00e0 l\u2019Inde, j\u2019ai d\u00e9sormais trouv\u00e9 ma voie en tant qu\u2019hommes d\u2019affaires actif dans ma communaut\u00e9 et p\u00e8re de cinq enfants combl\u00e9. Je vous propose ici de d\u00e9couvrir mes cinq le\u00e7ons de vie que je r\u00e9sume sous l\u2019acronyme ALVAC, pour Accepter, Libert\u00e9, V\u00e9rit\u00e9, Action et Confiance. ALVAC est devenu pour moi un outil pr\u00e9cieux que j\u2019utilise au quotidien et en coaching.<\/p><p><em><strong>\u201cBravo Erik Giasson pour ton livre Le Courage de r\u00e9ussir ! C&#8217;est passionnant, limpide, dr\u00f4le, touchant, accessible, clair, profond, sage, humain, Et plein d&#8217;enseignements pr\u00e9cieux !!!! Merci Yogi l&#8217;ours! (En fran\u00e7ais, dans ton cas, yogi de wall street se traduit litt\u00e9ralement par Yogi de la rue &#8230; m\u00fbr !) Je recommande cette lecture \u00e0 tout le monde!\u201d<\/strong><\/em><br \/><strong>-Emmanuel Bilodeau<\/strong><\/p>\t\t\t\t\t\t<\/div>\n\t\t\t\t<\/div>\n\t\t\t\t\t<\/div>\n\t\t<\/div>\n\t\t\t\t<div class=\"elementor-column elementor-col-50 elementor-top-column elementor-element elementor-element-42917308\" data-id=\"42917308\" data-element_type=\"column\">\n\t\t\t<div class=\"elementor-widget-wrap elementor-element-populated\">\n\t\t\t\t\t\t\t\t<div class=\"elementor-element elementor-element-209d123 elementor-widget elementor-widget-image\" data-id=\"209d123\" data-element_type=\"widget\" data-widget_type=\"image.default\">\n\t\t\t\t<div class=\"elementor-widget-container\">\n\t\t\t\t\t\t\t\t\t\t\t\t\t\t\t<img width=\"200\" height=\"319\" src=\"https:\/\/www.erikgiasson.com\/wp-content\/uploads\/2021\/09\/livre_erik.jpeg\" class=\"attachment-large size-large\" alt=\"\" loading=\"lazy\" srcset=\"https:\/\/www.erikgiasson.com\/wp-content\/uploads\/2021\/09\/livre_erik.jpeg 200w, https:\/\/www.erikgiasson.com\/wp-content\/uploads\/2021\/09\/livre_erik-188x300.jpeg 188w\" sizes=\"(max-width: 200px) 100vw, 200px\" \/>\t\t\t\t\t\t\t\t\t\t\t\t\t\t\t<\/div>\n\t\t\t\t<\/div>\n\t\t\t\t<div class=\"elementor-element elementor-element-1949b21 elementor-widget elementor-widget-spacer\" data-id=\"1949b21\" data-element_type=\"widget\" data-widget_type=\"spacer.default\">\n\t\t\t\t<div class=\"elementor-widget-container\">\n\t\t\t\t\t<div class=\"elementor-spacer\">\n\t\t\t<div class=\"elementor-spacer-inner\"><\/div>\n\t\t<\/div>\n\t\t\t\t<\/div>\n\t\t\t\t<\/div>\n\t\t\t\t<div class=\"elementor-element elementor-element-1340f4e1 elementor-align-center elementor-widget elementor-widget-brayn-button\" data-id=\"1340f4e1\" data-element_type=\"widget\" data-widget_type=\"brayn-button.default\">\n\t\t\t\t<div class=\"elementor-widget-container\">\n\t\t\t<a href=\"http:\/\/www.renaud-bray.com\/Livres_Produit.aspx?id=2161642&amp;def=Courage+de+r%C3%A9ussir+%3A+les+5+le%C3%A7ons+de+vie+du+Yogi+de+Wall+Street(Le)%2CGIASSON%2C+ERIK%2C9782924719077\" target=\"_blank\" class=\"df-button button\">Disponible ici<\/a>\t\t<\/div>\n\t\t\t\t<\/div>\n\t\t\t\t\t<\/div>\n\t\t<\/div>\n\t\t\t\t\t\t\t<\/div>\n\t\t<\/section>\n\t\t\t\t<section class=\"elementor-section elementor-top-section elementor-element elementor-element-b5fa01f elementor-section-stretched elementor-section-boxed elementor-section-height-default elementor-section-height-default\" data-id=\"b5fa01f\" data-element_type=\"section\" data-settings=\"{&quot;stretch_section&quot;:&quot;section-stretched&quot;}\">\n\t\t\t\t\t\t<div class=\"elementor-container elementor-column-gap-wider\">\n\t\t\t\t\t<div class=\"elementor-column elementor-col-50 elementor-top-column elementor-element elementor-element-7478055\" data-id=\"7478055\" data-element_type=\"column\">\n\t\t\t<div class=\"elementor-widget-wrap elementor-element-populated\">\n\t\t\t\t\t\t\t\t<div class=\"elementor-element elementor-element-74343b6 elementor-widget elementor-widget-heading\" data-id=\"74343b6\" data-element_type=\"widget\" data-widget_type=\"heading.default\">\n\t\t\t\t<div class=\"elementor-widget-container\">\n\t\t\t<h4 class=\"elementor-heading-title elementor-size-default\">Nourrir sa t\u00eate sans affamer son coeur\n<\/h4>\t\t<\/div>\n\t\t\t\t<\/div>\n\t\t\t\t<div class=\"elementor-element elementor-element-d64203a elementor-widget-divider--view-line elementor-widget elementor-widget-divider\" data-id=\"d64203a\" data-element_type=\"widget\" data-widget_type=\"divider.default\">\n\t\t\t\t<div class=\"elementor-widget-container\">\n\t\t\t\t\t<div class=\"elementor-divider\">\n\t\t\t<span class=\"elementor-divider-separator\">\n\t\t\t\t\t\t<\/span>\n\t\t<\/div>\n\t\t\t\t<\/div>\n\t\t\t\t<\/div>\n\t\t\t\t<div class=\"elementor-element elementor-element-1a01f97 elementor-widget elementor-widget-text-editor\" data-id=\"1a01f97\" data-element_type=\"widget\" data-widget_type=\"text-editor.default\">\n\t\t\t\t<div class=\"elementor-widget-container\">\n\t\t\t\t\t\t\t<p>Vous arrive-t-il de manquer de motivation au travail, de reculer devant les d\u00e9fis ou d&#8217;avoir carr\u00e9ment envie de changer de vie? Bien que nous soyons r\u00e9ticents \u00e0 en parler, ces sentiments nous habitent tous un jour. La raison? Fort probablement n&#8217;avons-nous pas encore d\u00e9couvert notre \u00ab mission \u00bb, celle qui comblera autant notre t\u00eate que notre coeur et nous permettra de trouver l&#8217;\u00e9quilibre sur les plans personnel et professionnel.<\/p><p>En six questions, rapprochez-vous de votre mission et d\u00e9couvrez ce qui vous a emp\u00each\u00e9, jusqu&#8217;\u00e0 maintenant, de la remplir avec succ\u00e8s. Pierre-Yves McSween, Isabelle Hudon, Jacques Francisque, Nicolas Duvernois, Jean Labadie et Marilyne Gagn\u00e9, six personnalit\u00e9s au parcours impressionnant, jouent le jeu et r\u00e9v\u00e8lent comment ils ont trouv\u00e9 leur propre voie, celle qui les rassasie sans les encombrer. Une r\u00e9flexion stimulante et n\u00e9cessaire sur les choix, les croyances et les peurs qui nous d\u00e9finissent.<\/p>\t\t\t\t\t\t<\/div>\n\t\t\t\t<\/div>\n\t\t\t\t\t<\/div>\n\t\t<\/div>\n\t\t\t\t<div class=\"elementor-column elementor-col-50 elementor-top-column elementor-element elementor-element-da63302\" data-id=\"da63302\" data-element_type=\"column\">\n\t\t\t<div class=\"elementor-widget-wrap elementor-element-populated\">\n\t\t\t\t\t\t\t\t<div class=\"elementor-element elementor-element-343765e elementor-widget elementor-widget-image\" data-id=\"343765e\" data-element_type=\"widget\" data-widget_type=\"image.default\">\n\t\t\t\t<div class=\"elementor-widget-container\">\n\t\t\t\t\t\t\t\t\t\t\t\t\t\t\t<img width=\"200\" height=\"300\" src=\"https:\/\/www.erikgiasson.com\/wp-content\/uploads\/2019\/02\/livre_erik_2.jpg\" class=\"attachment-large size-large\" alt=\"\" loading=\"lazy\" \/>\t\t\t\t\t\t\t\t\t\t\t\t\t\t\t<\/div>\n\t\t\t\t<\/div>\n\t\t\t\t<div class=\"elementor-element elementor-element-8df256c elementor-widget elementor-widget-spacer\" data-id=\"8df256c\" data-element_type=\"widget\" data-widget_type=\"spacer.default\">\n\t\t\t\t<div class=\"elementor-widget-container\">\n\t\t\t\t\t<div class=\"elementor-spacer\">\n\t\t\t<div class=\"elementor-spacer-inner\"><\/div>\n\t\t<\/div>\n\t\t\t\t<\/div>\n\t\t\t\t<\/div>\n\t\t\t\t<div class=\"elementor-element elementor-element-ac9c662 elementor-align-center elementor-widget elementor-widget-brayn-button\" data-id=\"ac9c662\" data-element_type=\"widget\" data-widget_type=\"brayn-button.default\">\n\t\t\t\t<div class=\"elementor-widget-container\">\n\t\t\t<a href=\"https:\/\/www.leslibraires.ca\/livres\/nourrir-sa-tete-sans-affamer-son-erik-giasson-9782761949712.html\" target=\"_blank\" class=\"df-button button\">Disponible ici<\/a>\t\t<\/div>\n\t\t\t\t<\/div>\n\t\t\t\t\t<\/div>\n\t\t<\/div>\n\t\t\t\t\t\t\t<\/div>\n\t\t<\/section>\n\t\t\t\t<section class=\"elementor-section elementor-top-section elementor-element elementor-element-3557b99 elementor-section-stretched elementor-section-boxed elementor-section-height-default elementor-section-height-default\" data-id=\"3557b99\" data-element_type=\"section\" data-settings=\"{&quot;stretch_section&quot;:&quot;section-stretched&quot;}\">\n\t\t\t\t\t\t<div class=\"elementor-container elementor-column-gap-wider\">\n\t\t\t\t\t<div class=\"elementor-column elementor-col-50 elementor-top-column elementor-element elementor-element-dc9c861\" data-id=\"dc9c861\" data-element_type=\"column\">\n\t\t\t<div class=\"elementor-widget-wrap elementor-element-populated\">\n\t\t\t\t\t\t\t\t<div class=\"elementor-element elementor-element-1f142fe elementor-widget elementor-widget-heading\" data-id=\"1f142fe\" data-element_type=\"widget\" data-widget_type=\"heading.default\">\n\t\t\t\t<div class=\"elementor-widget-container\">\n\t\t\t<h4 class=\"elementor-heading-title elementor-size-default\">40 r\u00e8gles pour \u00e9chouer dans sa vie professionnelle et personnelle<\/h4>\t\t<\/div>\n\t\t\t\t<\/div>\n\t\t\t\t<div class=\"elementor-element elementor-element-f9aa607 elementor-widget-divider--view-line elementor-widget elementor-widget-divider\" data-id=\"f9aa607\" data-element_type=\"widget\" data-widget_type=\"divider.default\">\n\t\t\t\t<div class=\"elementor-widget-container\">\n\t\t\t\t\t<div class=\"elementor-divider\">\n\t\t\t<span class=\"elementor-divider-separator\">\n\t\t\t\t\t\t<\/span>\n\t\t<\/div>\n\t\t\t\t<\/div>\n\t\t\t\t<\/div>\n\t\t\t\t<div class=\"elementor-element elementor-element-f419822 elementor-widget elementor-widget-text-editor\" data-id=\"f419822\" data-element_type=\"widget\" data-widget_type=\"text-editor.default\">\n\t\t\t\t<div class=\"elementor-widget-container\">\n\t\t\t\t\t\t\t<p>Les secrets de la r\u00e9ussite ? Plusieurs auteurs et conf\u00e9renciers pr\u00e9tendent les conna\u00eetre et proposent de nous les d\u00e9voiler. En revanche, bien peu nous parlent de ce qui est susceptible de nous nuire. Or, nous cultivons tous, de fa\u00e7on plus ou moins consciente, des comportements et des attitudes qui nous conduisent \u00e0 prendre les mauvaises d\u00e9cisions et \u00e0 commettre des erreurs qui auront de nombreuses r\u00e9percussions n\u00e9gatives dans notre vie professionnelle et personnelle. Roger T. Duguay et Erik \u00adGiasson nous pr\u00e9sentent, en mode psychologie invers\u00e9e, les 40 r\u00e8gles \u00e0 suivre pour foncer tout droit vers l\u2019\u00e9chec.<\/p>\t\t\t\t\t\t<\/div>\n\t\t\t\t<\/div>\n\t\t\t\t\t<\/div>\n\t\t<\/div>\n\t\t\t\t<div class=\"elementor-column elementor-col-50 elementor-top-column elementor-element elementor-element-863a2f1\" data-id=\"863a2f1\" data-element_type=\"column\">\n\t\t\t<div class=\"elementor-widget-wrap elementor-element-populated\">\n\t\t\t\t\t\t\t\t<div class=\"elementor-element elementor-element-7ec4641 elementor-widget elementor-widget-image\" data-id=\"7ec4641\" data-element_type=\"widget\" data-widget_type=\"image.default\">\n\t\t\t\t<div class=\"elementor-widget-container\">\n\t\t\t\t\t\t\t\t\t\t\t\t\t\t\t<img width=\"203\" height=\"300\" src=\"https:\/\/www.erikgiasson.com\/wp-content\/uploads\/2025\/06\/40regles-203x300.jpg\" class=\"attachment-medium size-medium\" alt=\"\" loading=\"lazy\" srcset=\"https:\/\/www.erikgiasson.com\/wp-content\/uploads\/2025\/06\/40regles-203x300.jpg 203w, https:\/\/www.erikgiasson.com\/wp-content\/uploads\/2025\/06\/40regles-692x1024.jpg 692w, https:\/\/www.erikgiasson.com\/wp-content\/uploads\/2025\/06\/40regles-768x1136.jpg 768w, https:\/\/www.erikgiasson.com\/wp-content\/uploads\/2025\/06\/40regles.jpg 1014w\" sizes=\"(max-width: 203px) 100vw, 203px\" \/>\t\t\t\t\t\t\t\t\t\t\t\t\t\t\t<\/div>\n\t\t\t\t<\/div>\n\t\t\t\t<div class=\"elementor-element elementor-element-1c1f9bc elementor-widget elementor-widget-spacer\" data-id=\"1c1f9bc\" data-element_type=\"widget\" data-widget_type=\"spacer.default\">\n\t\t\t\t<div class=\"elementor-widget-container\">\n\t\t\t\t\t<div class=\"elementor-spacer\">\n\t\t\t<div class=\"elementor-spacer-inner\"><\/div>\n\t\t<\/div>\n\t\t\t\t<\/div>\n\t\t\t\t<\/div>\n\t\t\t\t<div class=\"elementor-element elementor-element-80808fc elementor-align-center elementor-widget elementor-widget-brayn-button\" data-id=\"80808fc\" data-element_type=\"widget\" data-widget_type=\"brayn-button.default\">\n\t\t\t\t<div class=\"elementor-widget-container\">\n\t\t\t<a href=\"https:\/\/www.renaud-bray.com\/Livres_Produit.aspx?id=4413046&amp;def=40+r%c3%a8gles+pour+%c3%a9chouer+dans+sa+vie+professionnelle+et+personnelle%2cDUGUAY%2c+ROGER+T%2cGIASSON%2c+ERIK%2c9782898253164\" target=\"_blank\" class=\"df-button button\">Disponible ici<\/a>\t\t<\/div>\n\t\t\t\t<\/div>\n\t\t\t\t\t<\/div>\n\t\t<\/div>\n\t\t\t\t\t\t\t<\/div>\n\t\t<\/section>\n\t\t\t\t\t\t<\/div>\n\t\t\t\t\t<\/div>\n\t\t","protected":false},"excerpt":{"rendered":"<p>Le courage de r\u00e9ussir Mon parcours est atypique. Le surnom de yogi de Wall Street me vient en partie de mes performances comme strat\u00e8ge dans le monde&hellip;<\/p>\n","protected":false},"author":1,"featured_media":0,"parent":0,"menu_order":0,"comment_status":"closed","ping_status":"closed","template":"","meta":[],"_links":{"self":[{"href":"https:\/\/www.erikgiasson.com\/en\/wp-json\/wp\/v2\/pages\/822"}],"collection":[{"href":"https:\/\/www.erikgiasson.com\/en\/wp-json\/wp\/v2\/pages"}],"about":[{"href":"https:\/\/www.erikgiasson.com\/en\/wp-json\/wp\/v2\/types\/page"}],"author":[{"embeddable":true,"href":"https:\/\/www.erikgiasson.com\/en\/wp-json\/wp\/v2\/users\/1"}],"replies":[{"embeddable":true,"href":"https:\/\/www.erikgiasson.com\/en\/wp-json\/wp\/v2\/comments?post=822"}],"version-history":[{"count":22,"href":"https:\/\/www.erikgiasson.com\/en\/wp-json\/wp\/v2\/pages\/822\/revisions"}],"predecessor-version":[{"id":3674,"href":"https:\/\/www.erikgiasson.com\/en\/wp-json\/wp\/v2\/pages\/822\/revisions\/3674"}],"wp:attachment":[{"href":"https:\/\/www.erikgiasson.com\/en\/wp-json\/wp\/v2\/media?parent=822"}],"curies":[{"name":"wp","href":"https:\/\/api.w.org\/{rel}","templated":true}]}}