{"id":14,"date":"2015-07-14T17:22:32","date_gmt":"2015-07-14T17:22:32","guid":{"rendered":"https:\/\/www.erikgiasson.com\/?page_id=14"},"modified":"2024-08-12T15:08:32","modified_gmt":"2024-08-12T15:08:32","slug":"qui-suis-je","status":"publish","type":"page","link":"https:\/\/www.erikgiasson.com\/fr\/qui-suis-je\/","title":{"rendered":"\u00c0 propos"},"content":{"rendered":"\t\t<div data-elementor-type=\"wp-page\" data-elementor-id=\"14\" class=\"elementor elementor-14\" data-elementor-settings=\"[]\">\n\t\t\t\t\t\t\t<div class=\"elementor-section-wrap\">\n\t\t\t\t\t\t\t<section class=\"elementor-section elementor-top-section elementor-element elementor-element-e70e835 elementor-section-content-middle elementor-section-stretched elementor-section-height-full elementor-section-boxed elementor-section-height-default elementor-section-items-middle\" data-id=\"e70e835\" data-element_type=\"section\" data-settings=\"{&quot;stretch_section&quot;:&quot;section-stretched&quot;,&quot;background_background&quot;:&quot;video&quot;,&quot;background_video_start&quot;:400}\">\n\t\t\t\t\t\t\t<div class=\"elementor-background-overlay\"><\/div>\n\t\t\t\t\t\t\t<div class=\"elementor-container elementor-column-gap-wider\">\n\t\t\t\t\t<div class=\"elementor-column elementor-col-100 elementor-top-column elementor-element elementor-element-68a96d4b\" data-id=\"68a96d4b\" data-element_type=\"column\">\n\t\t\t<div class=\"elementor-widget-wrap elementor-element-populated\">\n\t\t\t\t\t\t\t\t<div class=\"elementor-element elementor-element-39323902 elementor-invisible elementor-widget elementor-widget-heading\" data-id=\"39323902\" data-element_type=\"widget\" data-settings=\"{&quot;_animation&quot;:&quot;brayn_revealRight&quot;,&quot;_animation_delay&quot;:300}\" data-widget_type=\"heading.default\">\n\t\t\t\t<div class=\"elementor-widget-container\">\n\t\t\t<h1 class=\"elementor-heading-title elementor-size-default\">\u00c0 propos<\/h1>\t\t<\/div>\n\t\t\t\t<\/div>\n\t\t\t\t\t<\/div>\n\t\t<\/div>\n\t\t\t\t\t\t\t<\/div>\n\t\t<\/section>\n\t\t\t\t<section class=\"elementor-section elementor-top-section elementor-element elementor-element-5cf2211 elementor-section-stretched elementor-section-boxed elementor-section-height-default elementor-section-height-default\" data-id=\"5cf2211\" data-element_type=\"section\" data-settings=\"{&quot;background_background&quot;:&quot;none&quot;,&quot;stretch_section&quot;:&quot;section-stretched&quot;}\">\n\t\t\t\t\t\t<div class=\"elementor-container elementor-column-gap-wider\">\n\t\t\t\t\t<div class=\"elementor-column elementor-col-100 elementor-top-column elementor-element elementor-element-1b994fcc\" data-id=\"1b994fcc\" data-element_type=\"column\">\n\t\t\t<div class=\"elementor-widget-wrap elementor-element-populated\">\n\t\t\t\t\t\t\t\t<div class=\"elementor-element elementor-element-3ebe5c4f animated-fast elementor-invisible elementor-widget elementor-widget-text-editor\" data-id=\"3ebe5c4f\" data-element_type=\"widget\" data-settings=\"{&quot;_animation&quot;:&quot;fadeInUp&quot;,&quot;_animation_delay&quot;:500}\" data-widget_type=\"text-editor.default\">\n\t\t\t\t<div class=\"elementor-widget-container\">\n\t\t\t\t\t\t\t<p>Mon parcours est atypique. Dipl\u00f4m\u00e9 des HEC et CFA, j\u2019ai connu une ascension fulgurante dans le monde de la finance qui m\u2019a men\u00e9 de Montr\u00e9al \u00e0 New York, en passant par Toronto. J\u2019ai \u00e9t\u00e9 tour \u00e0 tour gestionnaire de portefeuilles, gestionnaire de risques, chef de placements, chef de pupitre des obligations et chef strat\u00e8ge. J\u2019ai \u00e9galement \u00e9t\u00e9 un actionnaire important, un gestionnaire et un administrateur d\u2019une grande firme de placement de Montr\u00e9al. J\u2019ai \u00e9galement travaill\u00e9 pour un des plus grands fonds du couverture au monde, on peut dire que j\u2019ai v\u00e9cu le \u00ab r\u00eave \u00bb. J\u2019ai cofond\u00e9 les studios de yoga Wanderlust et \u00e9t\u00e9 CEO d\u2019une entreprise de technologies.<\/p><p><\/p>\t\t\t\t\t\t<\/div>\n\t\t\t\t<\/div>\n\t\t\t\t\t<\/div>\n\t\t<\/div>\n\t\t\t\t\t\t\t<\/div>\n\t\t<\/section>\n\t\t\t\t<section class=\"elementor-section elementor-top-section elementor-element elementor-element-683dda85 elementor-section-stretched elementor-section-content-middle elementor-section-boxed elementor-section-height-default elementor-section-height-default\" data-id=\"683dda85\" data-element_type=\"section\" data-settings=\"{&quot;stretch_section&quot;:&quot;section-stretched&quot;,&quot;background_background&quot;:&quot;classic&quot;}\">\n\t\t\t\t\t\t<div class=\"elementor-container elementor-column-gap-no\">\n\t\t\t\t\t<div class=\"elementor-column elementor-col-50 elementor-top-column elementor-element elementor-element-6cae4fc8\" data-id=\"6cae4fc8\" data-element_type=\"column\">\n\t\t\t<div class=\"elementor-widget-wrap elementor-element-populated\">\n\t\t\t\t\t\t\t\t<div class=\"elementor-element elementor-element-38c6025b elementor-widget elementor-widget-heading\" data-id=\"38c6025b\" data-element_type=\"widget\" data-widget_type=\"heading.default\">\n\t\t\t\t<div class=\"elementor-widget-container\">\n\t\t\t<h3 class=\"elementor-heading-title elementor-size-default\">J\u2019avais \u00ab r\u00e9ussi \u00bb. Vous vous reconnaissez peut-\u00eatre?<\/h3>\t\t<\/div>\n\t\t\t\t<\/div>\n\t\t\t\t<div class=\"elementor-element elementor-element-7edbcc22 elementor-widget-divider--view-line elementor-widget elementor-widget-divider\" data-id=\"7edbcc22\" data-element_type=\"widget\" data-widget_type=\"divider.default\">\n\t\t\t\t<div class=\"elementor-widget-container\">\n\t\t\t\t\t<div class=\"elementor-divider\">\n\t\t\t<span class=\"elementor-divider-separator\">\n\t\t\t\t\t\t<\/span>\n\t\t<\/div>\n\t\t\t\t<\/div>\n\t\t\t\t<\/div>\n\t\t\t\t<div class=\"elementor-element elementor-element-bb5db52 elementor-widget elementor-widget-text-editor\" data-id=\"bb5db52\" data-element_type=\"widget\" data-widget_type=\"text-editor.default\">\n\t\t\t\t<div class=\"elementor-widget-container\">\n\t\t\t\t\t\t\t<p>Malgr\u00e9 tout mon succ\u00e8s, je n\u2019arrivais pas \u00e0 \u00eatre satisfait. J\u2019en voulais toujours plus. Jusqu\u2019au jour o\u00f9 j\u2019ai \u00e9t\u00e9 confront\u00e9 \u00e0 plusieurs \u00e9preuves qui m\u2019ont forc\u00e9 \u00e0 revoir mes priorit\u00e9s et \u00e0 quitter mon r\u00f4le d\u2019hyperperformant. Apr\u00e8s avoir travers\u00e9 un cancer, une s\u00e9paration difficile et une perte d\u2019emploi, j\u2019\u00e9tais en qu\u00eate de sens. Je d\u00e9couvre alors le yoga et je deviens le parfait yogi, cumulant plusieurs voyages en Inde et dans des ashrams \u00e0 la recherche de ma v\u00e9rit\u00e9.<br \/>Apr\u00e8s un an \u00e0 chercher des r\u00e9ponses, je prends alors conscience de l\u2019importance de l\u2019\u00e9quilibre, d\u2019accepter la r\u00e9alit\u00e9, de se lib\u00e9rer des diff\u00e9rents r\u00f4les qui ne nous satisfont pas, pour prendre action et nous r\u00e9aliser pleinement tant sur le plan professionnel que personnel.<\/p>\t\t\t\t\t\t<\/div>\n\t\t\t\t<\/div>\n\t\t\t\t\t<\/div>\n\t\t<\/div>\n\t\t\t\t<div class=\"elementor-column elementor-col-50 elementor-top-column elementor-element elementor-element-58263d8c\" data-id=\"58263d8c\" data-element_type=\"column\">\n\t\t\t<div class=\"elementor-widget-wrap elementor-element-populated\">\n\t\t\t\t\t\t\t\t<div class=\"elementor-element elementor-element-760f2928 br-float-right-edge elementor-invisible elementor-widget elementor-widget-image\" data-id=\"760f2928\" data-element_type=\"widget\" data-settings=\"{&quot;_animation&quot;:&quot;brayn_revealLeft&quot;,&quot;_animation_delay&quot;:500}\" data-widget_type=\"image.default\">\n\t\t\t\t<div class=\"elementor-widget-container\">\n\t\t\t\t\t\t\t\t\t\t\t\t\t\t\t<img width=\"1000\" height=\"1000\" src=\"https:\/\/www.erikgiasson.com\/wp-content\/uploads\/2021\/09\/A\u0300-propos_low-1000x1000.jpg\" class=\"attachment-brayn-post-square size-brayn-post-square\" alt=\"\" loading=\"lazy\" srcset=\"https:\/\/www.erikgiasson.com\/wp-content\/uploads\/2021\/09\/A\u0300-propos_low-1000x1000.jpg 1000w, https:\/\/www.erikgiasson.com\/wp-content\/uploads\/2021\/09\/A\u0300-propos_low-150x150.jpg 150w, https:\/\/www.erikgiasson.com\/wp-content\/uploads\/2021\/09\/A\u0300-propos_low-100x100.jpg 100w, https:\/\/www.erikgiasson.com\/wp-content\/uploads\/2021\/09\/A\u0300-propos_low-500x500.jpg 500w\" sizes=\"(max-width: 1000px) 100vw, 1000px\" \/>\t\t\t\t\t\t\t\t\t\t\t\t\t\t\t<\/div>\n\t\t\t\t<\/div>\n\t\t\t\t\t<\/div>\n\t\t<\/div>\n\t\t\t\t\t\t\t<\/div>\n\t\t<\/section>\n\t\t\t\t<section class=\"elementor-section elementor-top-section elementor-element elementor-element-2ebfb82b elementor-section-stretched elementor-section-content-middle elementor-section-boxed elementor-section-height-default elementor-section-height-default\" data-id=\"2ebfb82b\" data-element_type=\"section\" data-settings=\"{&quot;stretch_section&quot;:&quot;section-stretched&quot;,&quot;background_background&quot;:&quot;classic&quot;}\">\n\t\t\t\t\t\t<div class=\"elementor-container elementor-column-gap-wider\">\n\t\t\t\t\t<div class=\"elementor-column elementor-col-50 elementor-top-column elementor-element elementor-element-44a70788\" data-id=\"44a70788\" data-element_type=\"column\">\n\t\t\t<div class=\"elementor-widget-wrap elementor-element-populated\">\n\t\t\t\t\t\t\t\t<div class=\"elementor-element elementor-element-7b8f8abd br-float-left-edge elementor-invisible elementor-widget elementor-widget-image\" data-id=\"7b8f8abd\" data-element_type=\"widget\" data-settings=\"{&quot;_animation&quot;:&quot;brayn_revealRight&quot;,&quot;_animation_delay&quot;:500}\" data-widget_type=\"image.default\">\n\t\t\t\t<div class=\"elementor-widget-container\">\n\t\t\t\t\t\t\t\t\t\t\t\t\t\t\t<img src=\"https:\/\/www.erikgiasson.com\/wp-content\/uploads\/elementor\/thumbs\/Pourquoi-Erik-pd0dz7dnwdmqggs6r31pvj5csz3uhwzvm1hiy4fj80.jpg\" title=\"Pourquoi-Erik\" alt=\"Pourquoi-Erik\" \/>\t\t\t\t\t\t\t\t\t\t\t\t\t\t\t<\/div>\n\t\t\t\t<\/div>\n\t\t\t\t\t<\/div>\n\t\t<\/div>\n\t\t\t\t<div class=\"elementor-column elementor-col-50 elementor-top-column elementor-element elementor-element-7e5e7d6b\" data-id=\"7e5e7d6b\" data-element_type=\"column\">\n\t\t\t<div class=\"elementor-widget-wrap elementor-element-populated\">\n\t\t\t\t\t\t\t\t<div class=\"elementor-element elementor-element-6b6326e elementor-widget elementor-widget-heading\" data-id=\"6b6326e\" data-element_type=\"widget\" data-widget_type=\"heading.default\">\n\t\t\t\t<div class=\"elementor-widget-container\">\n\t\t\t<h3 class=\"elementor-heading-title elementor-size-default\">Trouver l\u2019\u00e9quilibre entre la t\u00eate et le c\u0153ur<\/h3>\t\t<\/div>\n\t\t\t\t<\/div>\n\t\t\t\t<div class=\"elementor-element elementor-element-105531b0 elementor-widget-divider--view-line elementor-widget elementor-widget-divider\" data-id=\"105531b0\" data-element_type=\"widget\" data-widget_type=\"divider.default\">\n\t\t\t\t<div class=\"elementor-widget-container\">\n\t\t\t\t\t<div class=\"elementor-divider\">\n\t\t\t<span class=\"elementor-divider-separator\">\n\t\t\t\t\t\t<\/span>\n\t\t<\/div>\n\t\t\t\t<\/div>\n\t\t\t\t<\/div>\n\t\t\t\t<div class=\"elementor-element elementor-element-6acfdad8 elementor-widget elementor-widget-text-editor\" data-id=\"6acfdad8\" data-element_type=\"widget\" data-widget_type=\"text-editor.default\">\n\t\t\t\t<div class=\"elementor-widget-container\">\n\t\t\t\t\t\t\t<p><\/p><p>De la finance au yoga en passant par l\u2019entreprenariat et le coaching, de New York \u00e0 l\u2019Inde. Je cultive l\u2019\u00e9quilibre entre la t\u00eate et le c\u0153ur en tant que Coach Ex\u00e9cutif, Coach d\u2019affaires et Conf\u00e9rencier. Avec 30 ans d\u2019exp\u00e9rience en affaires, dont 15 en tant qu\u2019entrepreneur et 20 en finance, je me consacre d\u00e9sormais au d\u00e9veloppement des d\u00e9cideurs pour qu\u2019ils se r\u00e9alisent personnellement tout en atteignant leurs objectifs d\u2019affaires. Je suis aussi auteur de deux livres, survivant du cancer, 4 fois Ironman, mari et p\u00e8re de 7 enfants.<\/p><p>Et parce que les gestionnaires ne travaillent jamais seuls, j\u2019offre \u00e9galement des conf\u00e9rences et des formations en milieu de travail pour outiller les employ\u00e9s et leur donner le courage de r\u00e9ussir.<\/p>\t\t\t\t\t\t<\/div>\n\t\t\t\t<\/div>\n\t\t\t\t\t<\/div>\n\t\t<\/div>\n\t\t\t\t\t\t\t<\/div>\n\t\t<\/section>\n\t\t\t\t<section class=\"elementor-section elementor-top-section elementor-element elementor-element-27b4a014 elementor-section-stretched elementor-section-boxed elementor-section-height-default elementor-section-height-default\" data-id=\"27b4a014\" data-element_type=\"section\" data-settings=\"{&quot;stretch_section&quot;:&quot;section-stretched&quot;,&quot;background_background&quot;:&quot;classic&quot;}\">\n\t\t\t\t\t\t<div class=\"elementor-container elementor-column-gap-wider\">\n\t\t\t\t\t<div class=\"elementor-column elementor-col-100 elementor-top-column elementor-element elementor-element-495b4e82\" data-id=\"495b4e82\" data-element_type=\"column\">\n\t\t\t<div class=\"elementor-widget-wrap elementor-element-populated\">\n\t\t\t\t\t\t\t\t<div class=\"elementor-element elementor-element-4dcf5fdc elementor-widget elementor-widget-heading\" data-id=\"4dcf5fdc\" data-element_type=\"widget\" data-widget_type=\"heading.default\">\n\t\t\t\t<div class=\"elementor-widget-container\">\n\t\t\t<h2 class=\"elementor-heading-title elementor-size-default\"><span class=\"has-reveal-effect\" data-effect=\"revealRight\">Mes collaborations<\/span><\/h2>\t\t<\/div>\n\t\t\t\t<\/div>\n\t\t\t\t<div class=\"elementor-element elementor-element-6f149206 elementor-widget elementor-widget-image\" data-id=\"6f149206\" data-element_type=\"widget\" data-widget_type=\"image.default\">\n\t\t\t\t<div class=\"elementor-widget-container\">\n\t\t\t\t\t\t\t\t\t\t\t\t\t\t\t<img width=\"1140\" height=\"852\" src=\"https:\/\/www.erikgiasson.com\/wp-content\/uploads\/2024\/08\/beadeauClients2023.jpg\" class=\"attachment-full size-full\" alt=\"\" loading=\"lazy\" srcset=\"https:\/\/www.erikgiasson.com\/wp-content\/uploads\/2024\/08\/beadeauClients2023.jpg 1140w, https:\/\/www.erikgiasson.com\/wp-content\/uploads\/2024\/08\/beadeauClients2023-300x224.jpg 300w, https:\/\/www.erikgiasson.com\/wp-content\/uploads\/2024\/08\/beadeauClients2023-1024x765.jpg 1024w, https:\/\/www.erikgiasson.com\/wp-content\/uploads\/2024\/08\/beadeauClients2023-768x574.jpg 768w\" sizes=\"(max-width: 1140px) 100vw, 1140px\" \/>\t\t\t\t\t\t\t\t\t\t\t\t\t\t\t<\/div>\n\t\t\t\t<\/div>\n\t\t\t\t\t<\/div>\n\t\t<\/div>\n\t\t\t\t\t\t\t<\/div>\n\t\t<\/section>\n\t\t\t\t<section class=\"elementor-section elementor-top-section elementor-element elementor-element-38a6d8b0 elementor-section-stretched elementor-section-boxed elementor-section-height-default elementor-section-height-default\" data-id=\"38a6d8b0\" data-element_type=\"section\" data-settings=\"{&quot;stretch_section&quot;:&quot;section-stretched&quot;,&quot;background_background&quot;:&quot;classic&quot;}\">\n\t\t\t\t\t\t\t<div class=\"elementor-background-overlay\"><\/div>\n\t\t\t\t\t\t\t<div class=\"elementor-container elementor-column-gap-no\">\n\t\t\t\t\t<div class=\"elementor-column elementor-col-100 elementor-top-column elementor-element elementor-element-53616bbe\" data-id=\"53616bbe\" data-element_type=\"column\">\n\t\t\t<div class=\"elementor-widget-wrap elementor-element-populated\">\n\t\t\t\t\t\t\t\t<section class=\"elementor-section elementor-inner-section elementor-element elementor-element-140e6063 elementor-section-boxed elementor-section-height-default elementor-section-height-default\" data-id=\"140e6063\" data-element_type=\"section\">\n\t\t\t\t\t\t<div class=\"elementor-container elementor-column-gap-wider\">\n\t\t\t\t\t<div class=\"elementor-column elementor-col-50 elementor-inner-column elementor-element elementor-element-46516245\" data-id=\"46516245\" data-element_type=\"column\">\n\t\t\t<div class=\"elementor-widget-wrap elementor-element-populated\">\n\t\t\t\t\t\t\t\t<div class=\"elementor-element elementor-element-4bb86908 elementor-widget elementor-widget-heading\" data-id=\"4bb86908\" data-element_type=\"widget\" data-widget_type=\"heading.default\">\n\t\t\t\t<div class=\"elementor-widget-container\">\n\t\t\t<h2 class=\"elementor-heading-title elementor-size-default\"><b>Offrez-vous la libert\u00e9 : Travaillez avec moi<\/b><\/h2>\t\t<\/div>\n\t\t\t\t<\/div>\n\t\t\t\t<div class=\"elementor-element elementor-element-6a7857f0 elementor-widget elementor-widget-text-editor\" data-id=\"6a7857f0\" data-element_type=\"widget\" data-widget_type=\"text-editor.default\">\n\t\t\t\t<div class=\"elementor-widget-container\">\n\t\t\t\t\t\t\t<p>Je vous invite \u00e0 communiquer avec moi pour plus d\u2019informations sur le coaching, les formations et les conf\u00e9rences que j\u2019offre.<\/p>\t\t\t\t\t\t<\/div>\n\t\t\t\t<\/div>\n\t\t\t\t\t<\/div>\n\t\t<\/div>\n\t\t\t\t<div class=\"elementor-column elementor-col-50 elementor-inner-column elementor-element elementor-element-132d26ed\" data-id=\"132d26ed\" data-element_type=\"column\">\n\t\t\t<div class=\"elementor-widget-wrap elementor-element-populated\">\n\t\t\t\t\t\t\t\t<div class=\"elementor-element elementor-element-b19529b elementor-align-right elementor-mobile-align-center elementor-widget elementor-widget-brayn-button\" data-id=\"b19529b\" data-element_type=\"widget\" data-widget_type=\"brayn-button.default\">\n\t\t\t\t<div class=\"elementor-widget-container\">\n\t\t\t<a href=\"https:\/\/www.erikgiasson.com\/me-joindre\/\" class=\"df-button button-light button\">Me joindre<\/a>\t\t<\/div>\n\t\t\t\t<\/div>\n\t\t\t\t\t<\/div>\n\t\t<\/div>\n\t\t\t\t\t\t\t<\/div>\n\t\t<\/section>\n\t\t\t\t\t<\/div>\n\t\t<\/div>\n\t\t\t\t\t\t\t<\/div>\n\t\t<\/section>\n\t\t\t\t\t\t<\/div>\n\t\t\t\t\t<\/div>\n\t\t","protected":false},"excerpt":{"rendered":"<p>\u00c0 propos Mon parcours est atypique. Dipl\u00f4m\u00e9 des HEC et CFA, j\u2019ai connu une ascension fulgurante dans le monde de la finance qui m\u2019a men\u00e9 de Montr\u00e9al&hellip;<\/p>\n","protected":false},"author":1,"featured_media":0,"parent":0,"menu_order":0,"comment_status":"closed","ping_status":"open","template":"","meta":[],"_links":{"self":[{"href":"https:\/\/www.erikgiasson.com\/fr\/wp-json\/wp\/v2\/pages\/14"}],"collection":[{"href":"https:\/\/www.erikgiasson.com\/fr\/wp-json\/wp\/v2\/pages"}],"about":[{"href":"https:\/\/www.erikgiasson.com\/fr\/wp-json\/wp\/v2\/types\/page"}],"author":[{"embeddable":true,"href":"https:\/\/www.erikgiasson.com\/fr\/wp-json\/wp\/v2\/users\/1"}],"replies":[{"embeddable":true,"href":"https:\/\/www.erikgiasson.com\/fr\/wp-json\/wp\/v2\/comments?post=14"}],"version-history":[{"count":65,"href":"https:\/\/www.erikgiasson.com\/fr\/wp-json\/wp\/v2\/pages\/14\/revisions"}],"predecessor-version":[{"id":3599,"href":"https:\/\/www.erikgiasson.com\/fr\/wp-json\/wp\/v2\/pages\/14\/revisions\/3599"}],"wp:attachment":[{"href":"https:\/\/www.erikgiasson.com\/fr\/wp-json\/wp\/v2\/media?parent=14"}],"curies":[{"name":"wp","href":"https:\/\/api.w.org\/{rel}","templated":true}]}}