{"id":368,"date":"2016-01-08T20:51:33","date_gmt":"2016-01-08T20:51:33","guid":{"rendered":"https:\/\/www.erikgiasson.com\/?page_id=368"},"modified":"2021-09-14T00:08:44","modified_gmt":"2021-09-14T00:08:44","slug":"temoignages","status":"publish","type":"page","link":"https:\/\/www.erikgiasson.com\/fr\/temoignages\/","title":{"rendered":"T\u00e9moignages de clients"},"content":{"rendered":"\t\t<div data-elementor-type=\"wp-page\" data-elementor-id=\"368\" class=\"elementor elementor-368\" data-elementor-settings=\"[]\">\n\t\t\t\t\t\t\t<div class=\"elementor-section-wrap\">\n\t\t\t\t\t\t\t<section class=\"elementor-section elementor-top-section elementor-element elementor-element-94ef0fa elementor-section-boxed elementor-section-height-default elementor-section-height-default\" data-id=\"94ef0fa\" data-element_type=\"section\">\n\t\t\t\t\t\t<div class=\"elementor-container elementor-column-gap-default\">\n\t\t\t\t\t<div class=\"elementor-column elementor-col-100 elementor-top-column elementor-element elementor-element-35d09a51\" data-id=\"35d09a51\" data-element_type=\"column\">\n\t\t\t<div class=\"elementor-widget-wrap elementor-element-populated\">\n\t\t\t\t\t\t\t\t<div class=\"elementor-element elementor-element-916157c elementor-widget elementor-widget-shortcode\" data-id=\"916157c\" data-element_type=\"widget\" data-widget_type=\"shortcode.default\">\n\t\t\t\t<div class=\"elementor-widget-container\">\n\t\t\t\t\t<div class=\"elementor-shortcode\"><section class=\"testimonials-list style-one\">\n<article class=\"testimonials-3573 testimonials\">\n<div class=\"testimonials-content\"><p>Je tiens \u00e0 vous exprimer mes plus sinc\u00e8res remerciements pour votre brillante contribution en tant que conf\u00e9rencier lors de notre soir\u00e9e mensuelle . Votre pr\u00e9sentation a \u00e9t\u00e9 extr\u00eamement instructive et inspirante pour notre public, et elle a grandement enrichi l&rsquo;exp\u00e9rience de tous les participants.<\/p>\n<p>Votre expertise et votre passion pour le sujet ont \u00e9t\u00e9 \u00e9videntes \u00e0 travers votre discours, et les retours que nous avons re\u00e7us de la part des participants ont \u00e9t\u00e9 extr\u00eamement positifs. Votre intervention a contribu\u00e9 au succ\u00e8s de notre \u00e9v\u00e9nement, et nous sommes profond\u00e9ment reconnaissants pour votre pr\u00e9cieuse contribution.<\/p>\n<\/div>\n<div class=\"testimonials-meta\">\n<div class=\"tm_author author-name vcard\"><em>Caroline Boulianne &#038; Ghislain Larochelle<\/em><\/div>\n<span class=\"position\">Immofacile<\/span>\n<\/div>\n<\/article>\n<article class=\"testimonials-3572 testimonials\">\n<div class=\"testimonials-content\"><p>Un immense merci pour ton intervention aupr\u00e8s de l&rsquo;\u00e9quipe. Wow! C&rsquo;\u00e9tait juste inspirant et tr\u00e8s fort en introspection. Tout le monde a vraiment ador\u00e9. Tes propos nous font voir les choses d&rsquo;une mani\u00e8re diff\u00e9rente et c&rsquo;est rafra\u00eechissant. Merci \u00e0 toi de partager ton histoire. Elle fait assur\u00e9ment \u0153uvre utile.<\/p>\n<\/div>\n<div class=\"testimonials-meta\">\n<div class=\"tm_author author-name vcard\"><em>G\u00e9raldine Martin<\/em><\/div>\n<span class=\"position\">PDG de Evol<\/span>\n<\/div>\n<\/article>\n<article class=\"testimonials-3313 testimonials\">\n<div class=\"testimonials-content\"><p>Merci Erik! Pr\u00e9sence, pr\u00e9sentation et r\u00e9flexions \u00e0 forts impacts.<\/p>\n<\/div>\n<div class=\"testimonials-meta\">\n<div class=\"tm_author author-name vcard\"><em>Isabelle Hudon<\/em><\/div>\n<span class=\"position\">Pr\u00e9sidente et Cheffe de la direction, BDC<\/span>\n<\/div>\n<\/article>\n<article class=\"testimonials-3024 testimonials\">\n<div class=\"testimonials-content\"><p>Erik Giasson a su nous \u00e9mouvoir aux larmes par moment et a su nous ramener \u00e0 l&rsquo;essentiel. Pour ma part je crois qu&rsquo;il y a un avant et un apr\u00e8s Erik Giasson. Plusieurs \u00e9l\u00e9ments sont ressortis de la pr\u00e9sentation mais une m&rsquo;a particuli\u00e8rement marqu\u00e9 \u00ab sois riche de ce que tu as au lieu d&rsquo;\u00eatre pauvre de ce que tu n&rsquo;as pas\u00a0\u00bb<\/p>\n<\/div>\n<div class=\"testimonials-meta\">\n<div class=\"tm_author author-name vcard\"><em>Marc-Etienne Salvail<\/em><\/div>\n<span class=\"position\">Directeur chez SCIO formation<\/span>\n<\/div>\n<\/article>\n<article class=\"testimonials-3023 testimonials\">\n<div class=\"testimonials-content\"><p>Tu es l\u2019exemple m\u00eame de la profondeur, de l\u2019\u00e9quilibre et de l&rsquo;harmonie avec soi-m\u00eame et avec l\u2019univers infini qui nous entoure. Merci de t\u2019\u00eatre mis \u00ab \u00e0 nu \u00bb de t\u2019\u00eatre autant \u00ab donn\u00e9\u00bb \u00e0 nous . Je buvais chacune de tes paroles, et ta sensibilit\u00e9 me touchait \u00e9norm\u00e9ment.<\/p>\n<\/div>\n<div class=\"testimonials-meta\">\n<div class=\"tm_author author-name vcard\"><em>Christelle Unubemba<\/em><\/div>\n<span class=\"position\">Conseill\u00e8re <\/span>\n<\/div>\n<\/article>\n<article class=\"testimonials-3022 testimonials\">\n<div class=\"testimonials-content\"><p>Ce fut un privil\u00e8ge de vous \u00e9couter hier M. Erik Giasson merci encore du partage, vous \u00eates inspirant et c\u2019est peu dire.<\/p>\n<\/div>\n<div class=\"testimonials-meta\">\n<div class=\"tm_author author-name vcard\"><em>Marie-Laurence Bruchesi<\/em><\/div>\n<span class=\"position\">Conseill\u00e8re <\/span>\n<\/div>\n<\/article>\n<article class=\"testimonials-3021 testimonials\">\n<div class=\"testimonials-content\"><p>Premi\u00e8re fois que je vois un Zoom-t\u00e9l\u00e9conf\u00e9rence aussi Vrai, autant ressenti, un message qui me rejoint et qui m&rsquo;a fait du bien.<\/p>\n<\/div>\n<div class=\"testimonials-meta\">\n<div class=\"tm_author author-name vcard\"><em>St\u00e9phane Arseneault<\/em><\/div>\n<span class=\"position\">Pl. Fin.<\/span>\n<\/div>\n<\/article>\n<article class=\"testimonials-1103 testimonials\">\n<div class=\"testimonials-content\"><p>La rencontre fut int\u00e9ressante et tr\u00e8s \u00ab challengente\u00a0\u00bb sur plusieurs points. Il est parfois n\u00e9cessaire de prendre du recul et mieux comprendre pourquoi on fait ce qu\u2019on fait. Le groupe \u00e0 adorer l\u2019exp\u00e9rience!<\/p>\n<\/div>\n<div class=\"testimonials-meta\">\n<div class=\"tm_author author-name vcard\"><em>Dominic Gagnon<\/em><\/div>\n<span class=\"position\">Co-Fondateur de Connect&Go et membre de EO<\/span>\n<\/div>\n<\/article>\n<article class=\"testimonials-1005 testimonials\">\n<div class=\"testimonials-content\"><p><i>Votre message est en parfaite ad\u00e9quation avec la r\u00e9alit\u00e9 de nos vies\u00a0: Prendre son temps quand tout va vite.\u00a0 La pertinence du propos et \u00a0la qualit\u00e9 du contenu de votre conf\u00e9rence ont suscit\u00e9 l&rsquo;int\u00e9r\u00eat.\u00a0 Ce fut pour moi une prise de conscience importante, un \u00e9veil!\u00a0 Nos sondages internes confirment la satisfaction \u00e9lev\u00e9e des participantes et participants. \u00a0\u00a0Merci M. Giasson d&rsquo;avoir collabor\u00e9 avec nous.\u00a0 Vous avez particip\u00e9 \u00e0 la r\u00e9ussite de notre congr\u00e8s.<\/i><\/p>\n<\/div>\n<div class=\"testimonials-meta\">\n<div class=\"tm_author author-name vcard\"><em>Marc Savard<\/em><\/div>\n<span class=\"position\">Directeur G\u00e9n\u00e9ral, AMCQ<\/span>\n<\/div>\n<\/article>\n<article class=\"testimonials-1004 testimonials\">\n<div class=\"testimonials-content\"><p>Pour ceux et celles qui souhaitent participer \u00e0 une conf\u00e9rence enrichissante, je vous recommande fortement d&rsquo;aller \u00e9couter l&rsquo;une des conf\u00e9rences du \u00ab\u00a0Yogi de Wall Street\u00a0\u00bb. Erik est non seulement un excellent communicateur, mais il partage avec humilit\u00e9, humour et sagesse son parcours, ses d\u00e9fis et ses constatations.<\/p>\n<\/div>\n<div class=\"testimonials-meta\">\n<div class=\"tm_author author-name vcard\"><em>Fran\u00e7ois Hardy<\/em><\/div>\n<span class=\"position\">La Capitale<\/span>\n<\/div>\n<\/article>\n<\/section>\n<div class=\"pagination tm-pagination\"><span aria-current=\"page\" class=\"page-numbers current\">1<\/span>\n<a class=\"page-numbers\" href=\"https:\/\/www.erikgiasson.com\/fr\/wp-json\/wp\/v2\/pages\/368\/page\/2\/\">2<\/a>\n<a class=\"page-numbers\" href=\"https:\/\/www.erikgiasson.com\/fr\/wp-json\/wp\/v2\/pages\/368\/page\/3\/\">3<\/a>\n<a class=\"next page-numbers\" href=\"https:\/\/www.erikgiasson.com\/fr\/wp-json\/wp\/v2\/pages\/368\/page\/2\/\">Next &rarr;<\/a><\/div><\/div>\n\t\t\t\t<\/div>\n\t\t\t\t<\/div>\n\t\t\t\t\t<\/div>\n\t\t<\/div>\n\t\t\t\t\t\t\t<\/div>\n\t\t<\/section>\n\t\t\t\t\t\t<\/div>\n\t\t\t\t\t<\/div>\n\t\t","protected":false},"excerpt":{"rendered":"","protected":false},"author":1,"featured_media":0,"parent":0,"menu_order":0,"comment_status":"closed","ping_status":"open","template":"","meta":[],"_links":{"self":[{"href":"https:\/\/www.erikgiasson.com\/fr\/wp-json\/wp\/v2\/pages\/368"}],"collection":[{"href":"https:\/\/www.erikgiasson.com\/fr\/wp-json\/wp\/v2\/pages"}],"about":[{"href":"https:\/\/www.erikgiasson.com\/fr\/wp-json\/wp\/v2\/types\/page"}],"author":[{"embeddable":true,"href":"https:\/\/www.erikgiasson.com\/fr\/wp-json\/wp\/v2\/users\/1"}],"replies":[{"embeddable":true,"href":"https:\/\/www.erikgiasson.com\/fr\/wp-json\/wp\/v2\/comments?post=368"}],"version-history":[{"count":13,"href":"https:\/\/www.erikgiasson.com\/fr\/wp-json\/wp\/v2\/pages\/368\/revisions"}],"predecessor-version":[{"id":2746,"href":"https:\/\/www.erikgiasson.com\/fr\/wp-json\/wp\/v2\/pages\/368\/revisions\/2746"}],"wp:attachment":[{"href":"https:\/\/www.erikgiasson.com\/fr\/wp-json\/wp\/v2\/media?parent=368"}],"curies":[{"name":"wp","href":"https:\/\/api.w.org\/{rel}","templated":true}]}}